{"id":3,"date":"2020-07-15T10:58:31","date_gmt":"2020-07-15T08:58:31","guid":{"rendered":"https:\/\/www.cma-hautsdefrance.fr\/blog\/?page_id=3"},"modified":"2024-07-05T09:52:53","modified_gmt":"2024-07-05T07:52:53","slug":"politique-de-confidentialite","status":"publish","type":"page","link":"https:\/\/www.cma-hautsdefrance.fr\/blog\/politique-de-confidentialite\/","title":{"rendered":"Mentions L\u00e9gales"},"content":{"rendered":"\n<h2 class=\"wp-block-heading\">Qui sommes-nous&nbsp;?<\/h2>\n\n\n\n<h2 class=\"wp-block-heading\">\u00c9DITEUR DU SITE<\/h2>\n\n\n\n<p>Chambre de M\u00e9tiers et de l\u2019Artisanat des Hauts-de-France<\/p>\n\n\n\n<p>Place des Artisans \u2013 59 000 Lille<\/p>\n\n\n\n<p>Num\u00e9ro de t\u00e9l\u00e9phone\u00a0: 3006 (appel gratuit)<\/p>\n\n\n\n<p>Num\u00e9ro de TVA intracommunautaire : FR 88130023740<\/p>\n\n\n\n<p>Email :&nbsp;<a href=\"mailto:contact@cma-hautsdefrance.fr\">contact@cma-hautsdefrance.fr<\/a><\/p>\n\n\n\n<h2 class=\"wp-block-heading\">DIRECTEUR DE LA PUBLICATION<\/h2>\n\n\n\n<p>Monsieur : Laurent Rigaud \u2013 Pr\u00e9sident de la Chambre de M\u00e9tiers et de l\u2019Artisanat des Hauts-de-France<\/p>\n\n\n\n<p>Email :&nbsp;<a href=\"mailto:contact@cma-hautsdefrance.fr\">contact@cma-hautsdefrance.fr<\/a><\/p>\n\n\n\n<p>T\u00e9l : 3006<\/p>\n\n\n\n<h2 class=\"wp-block-heading\">H\u00c9BERGEUR<\/h2>\n\n\n\n<p><a href=\"http:\/\/www.ovh.fr\/\" rel=\"nofollow noopener\">OVH<\/a><\/p>\n\n\n\n<h2 class=\"wp-block-heading\">CR\u00c9ATION GRAPHIQUE ET TECHNIQUE DU SITE<\/h2>\n\n\n\n<p><a href=\"http:\/\/www.illisite.fr\/\" rel=\"nofollow noopener\">Agence illisite<\/a><\/p>\n\n\n\n<h2 class=\"wp-block-heading\">CR\u00c9DITS PHOTOS<\/h2>\n\n\n\n<p>Chambre de M\u00e9tiers et de l\u2019Artisanat Hauts-de-France<\/p>\n\n\n\n<p><strong>Adobe&nbsp;: \u00a9<\/strong>&nbsp;Firma V, deagreez, Tierney, pathdoc,&nbsp;<a href=\"http:\/\/vegefox.com\/\" rel=\"nofollow noopener\">vegefox.com<\/a>,&nbsp;Kirill, velimir, Hanna, SFIO CRACHO,&nbsp;lithian, Mariusz Blach<br><strong>Freepics&nbsp;: @<\/strong>&nbsp;<a href=\"http:\/\/rawpixel.com\/\" class=\"broken_link\" rel=\"nofollow noopener\">rawpixel.com<\/a>, jannoon028, tarline, aunging, freepik, black.salmon, lovelove56, artitwpd, kues1, chinnarach, tulpahn, siiiiiixth, vichie81<\/p>\n\n\n\n<h2 class=\"wp-block-heading\">POLITIQUE DE PROTECTION DES DONN\u00c9ES PERSONNELLES<\/h2>\n\n\n\n<p>Dans le cadre de ses activit\u00e9s, la Chambre de M\u00e9tiers et de l\u2019Artisanat des Hauts-de-France (CMA HDF) est amen\u00e9e \u00e0 traiter des donn\u00e9es \u00e0 caract\u00e8re personnel de ses ressortissants ou futurs ressortissants, des personnes \u00e0 la recherche d\u2019un contrat d\u2019apprentissage, d\u2019un emploi ou d\u2019une formation professionnelle, du personnel salari\u00e9 de la CMA HDF et de toutes les personnes sollicit\u00e9es dans le cadre de ses actions de promotion de l\u2019artisanat.<\/p>\n\n\n\n<p>Ainsi, la pr\u00e9sente Politique a pour objet de d\u00e9finir les informations n\u00e9cessaires \u00e0 votre compr\u00e9hension des diff\u00e9rents traitements que nous r\u00e9alisons afin de mener \u00e0 bien nos missions et de vous fournir les services qui vous sont les plus adapt\u00e9s.<\/p>\n\n\n\n<p>Pour rappel, la r\u00e9glementation europ\u00e9enne d\u00e9finit une donn\u00e9e \u00e0 caract\u00e8re personnel (ci-apr\u00e8s \u00ab&nbsp;donn\u00e9es personnelles&nbsp;\u00bb) comme toute information susceptible d\u2019identi\ufb01er une personne physique. La mise en \u0153uvre de traitements automatis\u00e9s de donn\u00e9es personnelles est notamment r\u00e9gie par le&nbsp;<strong>R\u00e8glement (UE) 2016\/679<\/strong>&nbsp;du Parlement europ\u00e9en et du Conseil du 27 avril 2016 relatif \u00e0 la protection des personnes physiques \u00e0 l\u2019\u00e9gard du traitement des donn\u00e9es \u00e0 caract\u00e8re personnel et \u00e0 la libre circulation de ces donn\u00e9es, ci-apr\u00e8s d\u00e9sign\u00e9 \u00ab&nbsp;<strong>RGPD<\/strong>&nbsp;\u00bb.<\/p>\n\n\n\n<h3 class=\"wp-block-heading\">Champs d\u2019application&nbsp;:<\/h3>\n\n\n\n<p>La Politique concerne toute personne physique en lien avec la CMA HDF en qualit\u00e9 de ressortissant, futur ressortissant, demandeur d\u2019emploi, salari\u00e9, apprenti ou futur apprenti et toutes personnes dans le cadre de ses actions de promotion de l\u2019artisanat.<\/p>\n\n\n\n<h3 class=\"wp-block-heading\">Identit\u00e9 et coordonn\u00e9es du responsable des traitements&nbsp;:<\/h3>\n\n\n\n<p>Le responsable du traitement est le Pr\u00e9sident de la Chambre de M\u00e9tiers et de l\u2019Artisanat des Hauts-de-France\u00a0: Monsieur Laurent Rigaud, Place des Artisans \u00e0 Lille (59000). E-mail\u00a0: contact@cma-hautsdefrance.fr<\/p>\n\n\n\n<h3 class=\"wp-block-heading\">Coordonn\u00e9es du D\u00e9l\u00e9gu\u00e9 \u00e0 la protection des donn\u00e9es&nbsp;:<\/h3>\n\n\n\n<p>La CMA HDF a d\u00e9sign\u00e9 un D\u00e9l\u00e9gu\u00e9 \u00e0 la protection des donn\u00e9es dont les coordonn\u00e9es sont :<\/p>\n\n\n\n<p>Monsieur Sacha GUILLAUMONT-PINGEON<\/p>\n\n\n\n<p>1 boulevard de La Madeleine<\/p>\n\n\n\n<p>75&nbsp;001 Paris<\/p>\n\n\n\n<p>s.guillaumont@cma-hautsdefrance.fr.<\/p>\n\n\n\n<h3 class=\"wp-block-heading\">Obligations d\u2019informations&nbsp;:<\/h3>\n\n\n\n<p>Lorsque vous refusez de nous communiquer une donn\u00e9e personnelle qui est rendue obligatoire par une norme d\u2019origine l\u00e9gale ou r\u00e9glementaire et\/ou qui est n\u00e9cessaire \u00e0 la r\u00e9alisation d\u2019un service de la CMA HDF, celle-ci peut \u00eatre conduite \u00e0 refuser la demande et\/ou \u00e0 r\u00e9silier le contrat ou encore \u00e0 mettre un terme \u00e0 la relation contractuelle.<\/p>\n\n\n\n<p>Par cons\u00e9quent, la CMA HDF informe les personnes concern\u00e9es de toutes les informations n\u00e9cessaires pour l\u2019ex\u00e9cution du service sur le support de collecte des dites informations.<\/p>\n\n\n\n<h3 class=\"wp-block-heading\">Cookies&nbsp;:<\/h3>\n\n\n\n<p>Les cookies sont des fichiers textes stock\u00e9s au sein de votre terminal de connexion et utilis\u00e9s pour enregistrer des donn\u00e9es \u00e0 caract\u00e8re personnel et des donn\u00e9es techniques relatifs \u00e0 la navigation sur le site internet. Les cookies peuvent \u00eatre temporaires ou permanents.<\/p>\n\n\n\n<p>Le site internet utilise des cookies ou d\u2019autres technologies ou ayant la m\u00eame finalit\u00e9 (ci-apr\u00e8s d\u00e9sign\u00e9s \u00ab cookies \u00bb) susceptibles de collecter ou conserver vos donn\u00e9es \u00e0 caract\u00e8re personnel.<\/p>\n\n\n\n<p>Les cookies sont exploit\u00e9s afin :<\/p>\n\n\n\n<ul class=\"wp-block-list\">\n<li>D\u2019am\u00e9liorer l\u2019exp\u00e9rience utilisateur, notamment par :\n<ul class=\"wp-block-list\">\n<li>La reconnaissance de votre terminal de connexion,<\/li>\n\n\n\n<li>La reconnaissance de votre nom d\u2019utilisateur et du mot de passe.<\/li>\n<\/ul>\n<\/li>\n\n\n\n<li>Analyser le trafic et les donn\u00e9es sur le site internet afin de :\n<ul class=\"wp-block-list\">\n<li>Mesurer l\u2019audience du site internet afin d\u2019en am\u00e9liorer l\u2019exp\u00e9rience utilisateur,<\/li>\n\n\n\n<li>Comprendre la mani\u00e8re dont vous utilisez le dit site internet afin d\u2019am\u00e9liorer les fonctionnalit\u00e9s et la performance.<\/li>\n<\/ul>\n<\/li>\n<\/ul>\n\n\n\n<p>La CMA HDF utilise les cookies de Google Analytics (ga.js) pour r\u00e9aliser les mesures ci-dessus r\u00e9f\u00e9renc\u00e9es.<\/p>\n\n\n\n<p>Dans le cas d\u2019utilisation de cookies fournis par nos prestataires tiers, ceux-ci pourront \u00eatre utilis\u00e9s et conserv\u00e9s dans les m\u00eames conditions ci-dessus.<\/p>\n\n\n\n<p>La CMA HDF assure que lors de la transmission des informations g\u00e9n\u00e9r\u00e9es par ces cookies, les param\u00e8tres des cookies veillent \u00e0 ce que l\u2019adresse IP\/MAC soit rendue anonyme avant la g\u00e9olocalisation et avant la conservation.<\/p>\n\n\n\n<p>Par la navigation et\/ou l\u2019utilisation des services du site internet, les cookies sont activ\u00e9s par d\u00e9faut et les donn\u00e9es peuvent \u00eatre lues ou conserv\u00e9es localement sur votre terminal de connexion. Une banni\u00e8re de consentement vous avertira la premi\u00e8re fois que vous vous connectez au site internet par laquelle vous pouvez d\u00e9cider d\u2019accepter ou de refuser les cookies.<\/p>\n\n\n\n<p>En continuant d\u2019utiliser le site internet, vous acceptez express\u00e9ment que la CMA HDF et ses partenaires utilisent de tels cookies.<\/p>\n\n\n\n<p>Vous pouvez configurer votre navigateur \u00e0 tout moment afin de contr\u00f4ler syst\u00e9matiquement les cookies.<\/p>\n\n\n\n<p>Pour voir la liste des cookies utilis\u00e9s et leur finalit\u00e9&nbsp;: (lien) et cliquer en bas \u00e0 droite de la page d\u2019accueil sur gestion des services. Vous pouvez configurer vos pr\u00e9f\u00e9rences&nbsp;: (lien)<\/p>\n\n\n\n<h3 class=\"wp-block-heading\">Destinataires&nbsp;:<\/h3>\n\n\n\n<p>Les personnes concern\u00e9es sont inform\u00e9es que les donn\u00e9es personnelles les concernant pourront \u00eatre transmises aux destinataires suivants :<\/p>\n\n\n\n<ol class=\"wp-block-list\">\n<li>a) Les autorit\u00e9s administratives et judiciaires l\u00e9galement habilit\u00e9es dans les conditions pr\u00e9vues par les textes r\u00e8glementaires applicables aux missions de service public relevant de la CMA HDF.<\/li>\n\n\n\n<li>b) Les sous-traitants ou partenaires de la CMA HDF participant notamment \u00e0 la gestion du r\u00e9pertoire des m\u00e9tiers, du centre de formalit\u00e9s des entreprises, de l\u2019apprentissage, du traitement de la paie des salari\u00e9s de la CMA HDF et de la promotion des activit\u00e9s de la CMA HDF.<\/li>\n\n\n\n<li>c) Les partenaires de la CMA HDF, pour r\u00e9aliser des op\u00e9rations de promotion commerciales.<\/li>\n\n\n\n<li>d) L\u2019APCMA pour la constitution du r\u00e9pertoire national des m\u00e9tiers et sa promotion aupr\u00e8s du public.<\/li>\n<\/ol>\n\n\n\n<h3 class=\"wp-block-heading\">Vos droits&nbsp;:<\/h3>\n\n\n\n<p>Vous disposez d\u2019un droit d\u2019acc\u00e8s, de rectification, d\u2019effacement, de portabilit\u00e9 des donn\u00e9es personnelles, d\u2019opposition, et de limitation de traitement tel que le pr\u00e9voit le RGPD entr\u00e9 en vigueur le 25 mai 2018.<\/p>\n\n\n\n<p>Les droits vis\u00e9s dans le pr\u00e9sent paragraphe s\u2019exercent aupr\u00e8s du DPD de la CMA HDF&nbsp;: Monsieur Sacha GUILLAUMONT-PINGEON<\/p>\n\n\n\n<p>1 boulevard de La Madeleine<\/p>\n\n\n\n<p>75 001 Paris<\/p>\n\n\n\n<p><a href=\"mailto:s.guillaumont@cma-hautsdefrance.fr\">s.guillaumont@cma-hautsdefrance.fr<\/a>.<\/p>\n\n\n\n<p>Par demande \u00e9crite accompagn\u00e9e d\u2019une photocopie de la pi\u00e8ce d\u2019identit\u00e9 en cours de validit\u00e9 (recto et verso, en noir et blanc).<\/p>\n\n\n\n<p>Lorsque le traitement repose sur le consentement de la personne concern\u00e9e, ledit consentement peut \u00eatre retir\u00e9 \u00e0 tout moment. Le retrait du consentement ne compromet pas la lic\u00e9it\u00e9 du traitement fond\u00e9 sur le consentement effectu\u00e9 avant ce retrait.<\/p>\n\n\n\n<p>Le droit d\u2019opposition ne s\u2019applique pas aux traitements dont le fondement est constitu\u00e9 par une obligation l\u00e9gale.<\/p>\n\n\n\n<p>Aucun frais ne sera factur\u00e9 au titre des demandes des personnes concern\u00e9es dans le cadre de l\u2019exercice des droits susvis\u00e9s. En cas de demande manifestement infond\u00e9e ou excessive, la CMA HDF pourra refuser de donner suite \u00e0 la demande.<\/p>\n\n\n\n<p>En cas d\u2019absence de r\u00e9ponse de la CMA HDF dans un d\u00e9lai d\u2019un mois suivant la demande d\u2019exercice de droits, chaque personne concern\u00e9e peut introduire une r\u00e9clamation aupr\u00e8s de la CNIL, 3 place de Fontenoy \u2013 TSA 80715 \u2013 75334 PARIS CEDEX 07.<\/p>\n","protected":false},"excerpt":{"rendered":"<p>Qui sommes-nous&nbsp;? \u00c9DITEUR DU SITE Chambre de M\u00e9tiers et de l\u2019Artisanat des Hauts-de-France Place des Artisans \u2013 59 000 Lille Num\u00e9ro de t\u00e9l\u00e9phone\u00a0: 3006 (appel gratuit) Num\u00e9ro de TVA intracommunautaire : FR 88130023740 Email :&nbsp;contact@cma-hautsdefrance.fr DIRECTEUR DE LA PUBLICATION Monsieur [&hellip;]<\/p>\n","protected":false},"author":17,"featured_media":0,"parent":0,"menu_order":0,"comment_status":"closed","ping_status":"open","template":"","meta":{"footnotes":""},"class_list":["post-3","page","type-page","status-publish","hentry"],"_links":{"self":[{"href":"https:\/\/www.cma-hautsdefrance.fr\/blog\/wp-json\/wp\/v2\/pages\/3","targetHints":{"allow":["GET"]}}],"collection":[{"href":"https:\/\/www.cma-hautsdefrance.fr\/blog\/wp-json\/wp\/v2\/pages"}],"about":[{"href":"https:\/\/www.cma-hautsdefrance.fr\/blog\/wp-json\/wp\/v2\/types\/page"}],"author":[{"embeddable":true,"href":"https:\/\/www.cma-hautsdefrance.fr\/blog\/wp-json\/wp\/v2\/users\/17"}],"replies":[{"embeddable":true,"href":"https:\/\/www.cma-hautsdefrance.fr\/blog\/wp-json\/wp\/v2\/comments?post=3"}],"version-history":[{"count":5,"href":"https:\/\/www.cma-hautsdefrance.fr\/blog\/wp-json\/wp\/v2\/pages\/3\/revisions"}],"predecessor-version":[{"id":9154,"href":"https:\/\/www.cma-hautsdefrance.fr\/blog\/wp-json\/wp\/v2\/pages\/3\/revisions\/9154"}],"wp:attachment":[{"href":"https:\/\/www.cma-hautsdefrance.fr\/blog\/wp-json\/wp\/v2\/media?parent=3"}],"curies":[{"name":"wp","href":"https:\/\/api.w.org\/{rel}","templated":true}]}}