{"id":3222,"date":"2021-02-11T15:15:18","date_gmt":"2021-02-11T14:15:18","guid":{"rendered":"https:\/\/www.cma-hautsdefrance.fr\/blog\/?page_id=3222"},"modified":"2025-02-19T12:21:36","modified_gmt":"2025-02-19T11:21:36","slug":"magazine-coup-de-main","status":"publish","type":"page","link":"https:\/\/www.cma-hautsdefrance.fr\/blog\/magazine-coup-de-main\/","title":{"rendered":"MAGAZINE COUP de MAIN"},"content":{"rendered":"<div class=\"wp-block-image\">\n<figure class=\"aligncenter size-large\"><img loading=\"lazy\" decoding=\"async\" width=\"1024\" height=\"657\" src=\"https:\/\/www.cma-hautsdefrance.fr\/blog\/wp-content\/uploads\/2021\/02\/CDM-10-11-12-1-1024x657.png\" alt=\"\" class=\"wp-image-3232\"\/><\/figure>\n<\/div>\n\n\n<h2 class=\"wp-block-heading\" style=\"font-size:22px\"><strong>LE V\u00c9RITABLE LIVRE DE CHEVET DES ARTISANS DES HAUTS-DE-FRANCE<\/strong><\/h2>\n\n\n\n<p style=\"font-size:18px\"><strong>Le magazine <\/strong>COUP de MAIN se veut d\u00e9sormais plus simple, plus pratique et surtout\u00a0<strong>plus digital<\/strong>.<\/p>\n\n\n\n<p style=\"font-size:18px\">Nous sommes sensibles \u00e0 vos usages, c\u2019est pourquoi une version digitale \u00e0 t\u00e9l\u00e9charger en PDF existe. <\/p>\n\n\n\n<div class=\"wp-block-buttons is-layout-flex wp-block-buttons-is-layout-flex\">\n<div class=\"wp-block-button\"><a class=\"wp-block-button__link has-white-color has-vivid-red-background-color has-text-color has-background wp-element-button\" href=\"https:\/\/www.cma-hautsdefrance.fr\/le-magazine-coup-de-main\/\" target=\"_blank\" rel=\"noreferrer noopener\">T\u00e9l\u00e9chargez les magazines COUP de MAIN en version PDF<\/a><\/div>\n<\/div>\n","protected":false},"excerpt":{"rendered":"<p>LE V\u00c9RITABLE LIVRE DE CHEVET DES ARTISANS DES HAUTS-DE-FRANCE Le magazine COUP de MAIN se veut d\u00e9sormais plus simple, plus pratique et surtout\u00a0plus digital. Nous sommes sensibles \u00e0 vos usages, c\u2019est pourquoi une version digitale \u00e0 t\u00e9l\u00e9charger en PDF existe.<\/p>\n","protected":false},"author":17,"featured_media":0,"parent":0,"menu_order":0,"comment_status":"closed","ping_status":"closed","template":"","meta":{"footnotes":""},"class_list":["post-3222","page","type-page","status-publish","hentry"],"_links":{"self":[{"href":"https:\/\/www.cma-hautsdefrance.fr\/blog\/wp-json\/wp\/v2\/pages\/3222","targetHints":{"allow":["GET"]}}],"collection":[{"href":"https:\/\/www.cma-hautsdefrance.fr\/blog\/wp-json\/wp\/v2\/pages"}],"about":[{"href":"https:\/\/www.cma-hautsdefrance.fr\/blog\/wp-json\/wp\/v2\/types\/page"}],"author":[{"embeddable":true,"href":"https:\/\/www.cma-hautsdefrance.fr\/blog\/wp-json\/wp\/v2\/users\/17"}],"replies":[{"embeddable":true,"href":"https:\/\/www.cma-hautsdefrance.fr\/blog\/wp-json\/wp\/v2\/comments?post=3222"}],"version-history":[{"count":9,"href":"https:\/\/www.cma-hautsdefrance.fr\/blog\/wp-json\/wp\/v2\/pages\/3222\/revisions"}],"predecessor-version":[{"id":10046,"href":"https:\/\/www.cma-hautsdefrance.fr\/blog\/wp-json\/wp\/v2\/pages\/3222\/revisions\/10046"}],"wp:attachment":[{"href":"https:\/\/www.cma-hautsdefrance.fr\/blog\/wp-json\/wp\/v2\/media?parent=3222"}],"curies":[{"name":"wp","href":"https:\/\/api.w.org\/{rel}","templated":true}]}}